{"id":1611,"date":"2024-05-15T15:39:52","date_gmt":"2024-05-15T14:39:52","guid":{"rendered":"https:\/\/swandolcevita.com\/contacts\/"},"modified":"2025-03-14T17:25:01","modified_gmt":"2025-03-14T16:25:01","slug":"contacts","status":"publish","type":"page","link":"https:\/\/swandolcevita.com\/fr\/contacts\/","title":{"rendered":"Contacts"},"content":{"rendered":"\t\t<div data-elementor-type=\"wp-page\" data-elementor-id=\"1611\" class=\"elementor elementor-1611 elementor-289\" data-elementor-post-type=\"page\">\n\t\t\t\t<div class=\"elementor-element elementor-element-ac27c57 e-flex e-con-boxed e-con e-parent\" data-id=\"ac27c57\" data-element_type=\"container\" data-settings=\"{&quot;background_background&quot;:&quot;classic&quot;}\">\n\t\t\t\t\t<div class=\"e-con-inner\">\n\t\t\t\t<div class=\"elementor-element elementor-element-e659ac5 elementor-widget elementor-widget-heading\" data-id=\"e659ac5\" data-element_type=\"widget\" data-widget_type=\"heading.default\">\n\t\t\t\t<div class=\"elementor-widget-container\">\n\t\t\t\t\t<h1 class=\"elementor-heading-title elementor-size-default\">Contacts<\/h1>\t\t\t\t<\/div>\n\t\t\t\t<\/div>\n\t\t\t\t<div class=\"elementor-element elementor-element-1a20f4a elementor-widget elementor-widget-text-editor\" data-id=\"1a20f4a\" data-element_type=\"widget\" data-widget_type=\"text-editor.default\">\n\t\t\t\t<div class=\"elementor-widget-container\">\n\t\t\t\t\t\t\t\t\t<p>Nous sommes ici pour r\u00e9pondre \u00e0 toutes vos questions et vous aider \u00e0 planifier votre s\u00e9jour chez Swan. N&#8217;h\u00e9sitez pas \u00e0 nous contacter via le formulaire ci-dessous ou en utilisant les informations de contact fournies. Notre \u00e9quipe d\u00e9di\u00e9e sera ravie de vous aider avec les r\u00e9servations, les demandes sp\u00e9ciales ou tout autre besoin que vous pourriez avoir. Nous avons h\u00e2te de rendre votre s\u00e9jour \u00e0 Venise inoubliable.<\/p>\n\t\t\t\t\t\t\t\t<\/div>\n\t\t\t\t<\/div>\n\t\t\t\t<div class=\"elementor-element elementor-element-a059e24 elementor-widget-divider--view-line elementor-widget elementor-widget-divider\" data-id=\"a059e24\" data-element_type=\"widget\" data-widget_type=\"divider.default\">\n\t\t\t\t<div class=\"elementor-widget-container\">\n\t\t\t\t\t\t\t<div class=\"elementor-divider\">\n\t\t\t<span class=\"elementor-divider-separator\">\n\t\t\t\t\t\t<\/span>\n\t\t<\/div>\n\t\t\t\t\t\t<\/div>\n\t\t\t\t<\/div>\n\t\t\t\t\t<\/div>\n\t\t\t\t<\/div>\n\t\t<div class=\"elementor-element elementor-element-b4ec9f1 e-flex e-con-boxed e-con e-parent\" data-id=\"b4ec9f1\" data-element_type=\"container\">\n\t\t\t\t\t<div class=\"e-con-inner\">\n\t\t<div class=\"elementor-element elementor-element-71d1d8c e-con-full e-flex e-con e-child\" data-id=\"71d1d8c\" data-element_type=\"container\">\n\t\t<div class=\"elementor-element elementor-element-a04d145 e-flex e-con-boxed e-con e-child\" data-id=\"a04d145\" data-element_type=\"container\">\n\t\t\t\t\t<div class=\"e-con-inner\">\n\t\t\t\t<div class=\"elementor-element elementor-element-df56180 elementor-widget__width-initial elementor-widget elementor-widget-heading\" data-id=\"df56180\" data-element_type=\"widget\" data-widget_type=\"heading.default\">\n\t\t\t\t<div class=\"elementor-widget-container\">\n\t\t\t\t\t<h3 class=\"elementor-heading-title elementor-size-default\">Contactez nous<\/h3>\t\t\t\t<\/div>\n\t\t\t\t<\/div>\n\t\t\t\t<div class=\"elementor-element elementor-element-ad4ad9a elementor-widget-mobile__width-inherit elementor-icon-list--layout-traditional elementor-list-item-link-full_width elementor-widget elementor-widget-icon-list\" data-id=\"ad4ad9a\" data-element_type=\"widget\" data-widget_type=\"icon-list.default\">\n\t\t\t\t<div class=\"elementor-widget-container\">\n\t\t\t\t\t\t\t<ul class=\"elementor-icon-list-items\">\n\t\t\t\t\t\t\t<li class=\"elementor-icon-list-item\">\n\t\t\t\t\t\t\t\t\t\t\t<a href=\"tel:+39%203514479404\">\n\n\t\t\t\t\t\t\t\t\t\t\t<span class=\"elementor-icon-list-text\">+39 3514479404<\/span>\n\t\t\t\t\t\t\t\t\t\t\t<\/a>\n\t\t\t\t\t\t\t\t\t<\/li>\n\t\t\t\t\t\t\t\t<li class=\"elementor-icon-list-item\">\n\t\t\t\t\t\t\t\t\t\t\t<a href=\"mailto:info@swandolcevita.com\">\n\n\t\t\t\t\t\t\t\t\t\t\t<span class=\"elementor-icon-list-text\">info@swandolcevita.com<\/span>\n\t\t\t\t\t\t\t\t\t\t\t<\/a>\n\t\t\t\t\t\t\t\t\t<\/li>\n\t\t\t\t\t\t<\/ul>\n\t\t\t\t\t\t<\/div>\n\t\t\t\t<\/div>\n\t\t\t\t\t<\/div>\n\t\t\t\t<\/div>\n\t\t<div class=\"elementor-element elementor-element-b31b276 e-flex e-con-boxed e-con e-child\" data-id=\"b31b276\" data-element_type=\"container\">\n\t\t\t\t\t<div class=\"e-con-inner\">\n\t\t\t\t<div class=\"elementor-element elementor-element-cd302da elementor-widget__width-initial elementor-widget elementor-widget-heading\" data-id=\"cd302da\" data-element_type=\"widget\" data-widget_type=\"heading.default\">\n\t\t\t\t<div class=\"elementor-widget-container\">\n\t\t\t\t\t<h3 class=\"elementor-heading-title elementor-size-default\">Adresse<\/h3>\t\t\t\t<\/div>\n\t\t\t\t<\/div>\n\t\t\t\t<div class=\"elementor-element elementor-element-00cfb2f elementor-widget elementor-widget-text-editor\" data-id=\"00cfb2f\" data-element_type=\"widget\" data-widget_type=\"text-editor.default\">\n\t\t\t\t<div class=\"elementor-widget-container\">\n\t\t\t\t\t\t\t\t\t<p>Swan Dolce Vita<br \/>Fondamenta Condulmer, 268<br \/>30135 &#8211; Venezia VE<br \/><a href=\"https:\/\/maps.app.goo.gl\/cmedcxCi6FBNJZkJA\" target=\"-blank\">Voir sur Google Maps<\/a><\/p>\t\t\t\t\t\t\t\t<\/div>\n\t\t\t\t<\/div>\n\t\t\t\t\t<\/div>\n\t\t\t\t<\/div>\n\t\t<div class=\"elementor-element elementor-element-279f507 e-flex e-con-boxed e-con e-child\" data-id=\"279f507\" data-element_type=\"container\">\n\t\t\t\t\t<div class=\"e-con-inner\">\n\t\t\t\t<div class=\"elementor-element elementor-element-b9ade64 elementor-widget elementor-widget-google_maps\" data-id=\"b9ade64\" data-element_type=\"widget\" data-widget_type=\"google_maps.default\">\n\t\t\t\t<div class=\"elementor-widget-container\">\n\t\t\t\t\t\t\t<div class=\"elementor-custom-embed\">\n\t\t\t<iframe loading=\"lazy\"\n\t\t\t\t\tsrc=\"https:\/\/maps.google.com\/maps?q=Dimora%20Dolce%20Vita%C2%A0Fondamenta%20Condulmer%20268%20-%2030135%E2%80%A8Venezia%20VE&#038;t=m&#038;z=14&#038;output=embed&#038;iwloc=near\"\n\t\t\t\t\ttitle=\"Dimora Dolce Vita\u00a0Fondamenta Condulmer 268 - 30135\u2028Venezia VE\"\n\t\t\t\t\taria-label=\"Dimora Dolce Vita\u00a0Fondamenta Condulmer 268 - 30135\u2028Venezia VE\"\n\t\t\t><\/iframe>\n\t\t<\/div>\n\t\t\t\t\t\t<\/div>\n\t\t\t\t<\/div>\n\t\t\t\t\t<\/div>\n\t\t\t\t<\/div>\n\t\t\t\t<\/div>\n\t\t<div class=\"elementor-element elementor-element-f132e06 e-con-full e-flex e-con e-child\" data-id=\"f132e06\" data-element_type=\"container\">\n\t\t\t\t<div class=\"elementor-element elementor-element-7460335 elementor-button-align-start elementor-widget elementor-widget-form\" data-id=\"7460335\" data-element_type=\"widget\" data-settings=\"{&quot;step_next_label&quot;:&quot;Suivant&quot;,&quot;step_previous_label&quot;:&quot;Pr\\u00e9c\\u00e9dent&quot;,&quot;button_width&quot;:&quot;100&quot;,&quot;step_type&quot;:&quot;number_text&quot;,&quot;step_icon_shape&quot;:&quot;circle&quot;}\" data-widget_type=\"form.default\">\n\t\t\t\t<div class=\"elementor-widget-container\">\n\t\t\t\t\t\t\t<form class=\"elementor-form\" method=\"post\" name=\"Modulo contatti FR\">\n\t\t\t<input type=\"hidden\" name=\"post_id\" value=\"1611\"\/>\n\t\t\t<input type=\"hidden\" name=\"form_id\" value=\"7460335\"\/>\n\t\t\t<input type=\"hidden\" name=\"referer_title\" value=\"Swan Dolce Vita\" \/>\n\n\t\t\t\n\t\t\t<div class=\"elementor-form-fields-wrapper elementor-labels-above\">\n\t\t\t\t\t\t\t\t<div class=\"elementor-field-type-text elementor-field-group elementor-column elementor-field-group-name elementor-col-50 elementor-field-required elementor-mark-required\">\n\t\t\t\t\t\t\t\t\t\t\t\t<label for=\"form-field-name\" class=\"elementor-field-label\">\n\t\t\t\t\t\t\t\tNom\t\t\t\t\t\t\t<\/label>\n\t\t\t\t\t\t\t\t\t\t\t\t\t\t<input size=\"1\" type=\"text\" name=\"form_fields[name]\" id=\"form-field-name\" class=\"elementor-field elementor-size-sm  elementor-field-textual\" placeholder=\"Votre nom\" required=\"required\">\n\t\t\t\t\t\t\t\t\t\t\t<\/div>\n\t\t\t\t\t\t\t\t<div class=\"elementor-field-type-text elementor-field-group elementor-column elementor-field-group-field_66d5c9a elementor-col-50 elementor-field-required elementor-mark-required\">\n\t\t\t\t\t\t\t\t\t\t\t\t<label for=\"form-field-field_66d5c9a\" class=\"elementor-field-label\">\n\t\t\t\t\t\t\t\tNom de famille\t\t\t\t\t\t\t<\/label>\n\t\t\t\t\t\t\t\t\t\t\t\t\t\t<input size=\"1\" type=\"text\" name=\"form_fields[field_66d5c9a]\" id=\"form-field-field_66d5c9a\" class=\"elementor-field elementor-size-sm  elementor-field-textual\" placeholder=\"Votre nom de famille\" required=\"required\">\n\t\t\t\t\t\t\t\t\t\t\t<\/div>\n\t\t\t\t\t\t\t\t<div class=\"elementor-field-type-email elementor-field-group elementor-column elementor-field-group-email elementor-col-50 elementor-field-required elementor-mark-required\">\n\t\t\t\t\t\t\t\t\t\t\t\t<label for=\"form-field-email\" class=\"elementor-field-label\">\n\t\t\t\t\t\t\t\tE-mail\t\t\t\t\t\t\t<\/label>\n\t\t\t\t\t\t\t\t\t\t\t\t\t\t<input size=\"1\" type=\"email\" name=\"form_fields[email]\" id=\"form-field-email\" class=\"elementor-field elementor-size-sm  elementor-field-textual\" placeholder=\"Votre adresse e-mail\" required=\"required\">\n\t\t\t\t\t\t\t\t\t\t\t<\/div>\n\t\t\t\t\t\t\t\t<div class=\"elementor-field-type-tel elementor-field-group elementor-column elementor-field-group-field_4afc6ce elementor-col-50 elementor-field-required elementor-mark-required\">\n\t\t\t\t\t\t\t\t\t\t\t\t<label for=\"form-field-field_4afc6ce\" class=\"elementor-field-label\">\n\t\t\t\t\t\t\t\tT\u00e9l\u00e9phone\t\t\t\t\t\t\t<\/label>\n\t\t\t\t\t\t\t\t<input size=\"1\" type=\"tel\" name=\"form_fields[field_4afc6ce]\" id=\"form-field-field_4afc6ce\" class=\"elementor-field elementor-size-sm  elementor-field-textual\" placeholder=\"Votre num\u00e9ro de t\u00e9l\u00e9phone\" required=\"required\" pattern=\"[0-9()#&amp;+*-=.]+\" title=\"Seuls les caract\u00e8res de num\u00e9ros de t\u00e9l\u00e9phone (#, -, *, etc.) sont accept\u00e9s.\">\n\n\t\t\t\t\t\t<\/div>\n\t\t\t\t\t\t\t\t<div class=\"elementor-field-type-select elementor-field-group elementor-column elementor-field-group-field_9d05ed6 elementor-col-100 elementor-field-required elementor-mark-required\">\n\t\t\t\t\t\t\t\t\t\t\t\t<label for=\"form-field-field_9d05ed6\" class=\"elementor-field-label\">\n\t\t\t\t\t\t\t\t\u00c0 quel sujet souhaitez-vous des informations?\t\t\t\t\t\t\t<\/label>\n\t\t\t\t\t\t\t\t<div class=\"elementor-field elementor-select-wrapper remove-before \">\n\t\t\t<div class=\"select-caret-down-wrapper\">\n\t\t\t\t<svg aria-hidden=\"true\" class=\"e-font-icon-svg e-eicon-caret-down\" viewBox=\"0 0 571.4 571.4\" xmlns=\"http:\/\/www.w3.org\/2000\/svg\"><path d=\"M571 393Q571 407 561 418L311 668Q300 679 286 679T261 668L11 418Q0 407 0 393T11 368 36 357H536Q550 357 561 368T571 393Z\"><\/path><\/svg>\t\t\t<\/div>\n\t\t\t<select name=\"form_fields[field_9d05ed6]\" id=\"form-field-field_9d05ed6\" class=\"elementor-field-textual elementor-size-sm\" required=\"required\">\n\t\t\t\t\t\t\t\t\t<option value=\" \">Veuillez s\u00e9lectionner une option <\/option>\n\t\t\t\t\t\t\t\t\t<option value=\"R\u00e9servation\">R\u00e9servation<\/option>\n\t\t\t\t\t\t\t\t\t<option value=\"Exp\u00e9riences\">Exp\u00e9riences<\/option>\n\t\t\t\t\t\t\t\t\t<option value=\"Autre\">Autre<\/option>\n\t\t\t\t\t\t\t<\/select>\n\t\t<\/div>\n\t\t\t\t\t\t<\/div>\n\t\t\t\t\t\t\t\t<div class=\"elementor-field-type-textarea elementor-field-group elementor-column elementor-field-group-message elementor-col-100 elementor-field-required elementor-mark-required\">\n\t\t\t\t\t\t\t\t\t\t\t\t<label for=\"form-field-message\" class=\"elementor-field-label\">\n\t\t\t\t\t\t\t\tMessage\t\t\t\t\t\t\t<\/label>\n\t\t\t\t\t\t<textarea class=\"elementor-field-textual elementor-field  elementor-size-sm\" name=\"form_fields[message]\" id=\"form-field-message\" rows=\"4\" placeholder=\"Comment pouvons-nous vous aider ?\" required=\"required\"><\/textarea>\t\t\t\t<\/div>\n\t\t\t\t\t\t\t\t<div class=\"elementor-field-group elementor-column elementor-field-type-submit elementor-col-100 e-form__buttons\">\n\t\t\t\t\t<button class=\"elementor-button elementor-size-sm\" type=\"submit\">\n\t\t\t\t\t\t<span class=\"elementor-button-content-wrapper\">\n\t\t\t\t\t\t\t\t\t\t\t\t\t\t\t\t\t\t\t\t\t\t<span class=\"elementor-button-text\">Demandez des informations<\/span>\n\t\t\t\t\t\t\t\t\t\t\t\t\t<\/span>\n\t\t\t\t\t<\/button>\n\t\t\t\t<\/div>\n\t\t\t<\/div>\n\t\t<\/form>\n\t\t\t\t\t\t<\/div>\n\t\t\t\t<\/div>\n\t\t\t\t<\/div>\n\t\t\t\t\t<\/div>\n\t\t\t\t<\/div>\n\t\t\t\t<\/div>\n\t\t","protected":false},"excerpt":{"rendered":"<p>Contacts Nous sommes ici pour r\u00e9pondre \u00e0 toutes vos questions et vous aider \u00e0 planifier votre s\u00e9jour chez Swan. N&#8217;h\u00e9sitez pas \u00e0 nous contacter via le formulaire ci-dessous ou en utilisant les informations de contact fournies. Notre \u00e9quipe d\u00e9di\u00e9e sera ravie de vous aider avec les r\u00e9servations, les demandes sp\u00e9ciales ou tout autre besoin que [&hellip;]<\/p>\n","protected":false},"author":3,"featured_media":1308,"parent":0,"menu_order":0,"comment_status":"closed","ping_status":"closed","template":"elementor_header_footer","meta":{"_acf_changed":false,"footnotes":""},"class_list":["post-1611","page","type-page","status-publish","has-post-thumbnail","hentry"],"acf":[],"yoast_head":"<!-- This site is optimized with the Yoast SEO plugin v24.4 - https:\/\/yoast.com\/wordpress\/plugins\/seo\/ -->\n<title>Contacts - Swan Dolce Vita<\/title>\n<meta name=\"description\" content=\"Swan Dimora Dolce - VitaSanta Croce 268, 30135\u2028Venezia VE. Tel: +39 3514479404, email: info@swandolcevita.com\" \/>\n<meta name=\"robots\" content=\"index, follow, max-snippet:-1, max-image-preview:large, max-video-preview:-1\" \/>\n<link rel=\"canonical\" href=\"https:\/\/swandolcevita.com\/fr\/contacts\/\" \/>\n<meta property=\"og:locale\" content=\"fr_FR\" \/>\n<meta property=\"og:type\" content=\"article\" \/>\n<meta property=\"og:title\" content=\"Contacts - Swan Dolce Vita\" \/>\n<meta property=\"og:description\" content=\"Swan Dimora Dolce - VitaSanta Croce 268, 30135\u2028Venezia VE. Tel: +39 3514479404, email: info@swandolcevita.com\" \/>\n<meta property=\"og:url\" content=\"https:\/\/swandolcevita.com\/fr\/contacts\/\" \/>\n<meta property=\"og:site_name\" content=\"Swan Dolce Vita\" \/>\n<meta property=\"article:modified_time\" content=\"2025-03-14T16:25:01+00:00\" \/>\n<meta property=\"og:image\" content=\"https:\/\/swandolcevita.com\/wp-content\/uploads\/2024\/05\/swan-dolce-vita-features.webp\" \/>\n\t<meta property=\"og:image:width\" content=\"1200\" \/>\n\t<meta property=\"og:image:height\" content=\"807\" \/>\n\t<meta property=\"og:image:type\" content=\"image\/webp\" \/>\n<meta name=\"twitter:card\" content=\"summary_large_image\" \/>\n<meta name=\"twitter:label1\" content=\"Dur\u00e9e de lecture estim\u00e9e\" \/>\n\t<meta name=\"twitter:data1\" content=\"1 minute\" \/>\n<script type=\"application\/ld+json\" class=\"yoast-schema-graph\">{\"@context\":\"https:\/\/schema.org\",\"@graph\":[{\"@type\":\"WebPage\",\"@id\":\"https:\/\/swandolcevita.com\/fr\/contacts\/\",\"url\":\"https:\/\/swandolcevita.com\/fr\/contacts\/\",\"name\":\"Contacts - Swan Dolce Vita\",\"isPartOf\":{\"@id\":\"https:\/\/swandolcevita.com\/fr\/#website\"},\"primaryImageOfPage\":{\"@id\":\"https:\/\/swandolcevita.com\/fr\/contacts\/#primaryimage\"},\"image\":{\"@id\":\"https:\/\/swandolcevita.com\/fr\/contacts\/#primaryimage\"},\"thumbnailUrl\":\"https:\/\/swandolcevita.com\/wp-content\/uploads\/2024\/05\/swan-dolce-vita-features.webp\",\"datePublished\":\"2024-05-15T14:39:52+00:00\",\"dateModified\":\"2025-03-14T16:25:01+00:00\",\"description\":\"Swan Dimora Dolce - VitaSanta Croce 268, 30135\\u2028Venezia VE. Tel: +39 3514479404, email: info@swandolcevita.com\",\"breadcrumb\":{\"@id\":\"https:\/\/swandolcevita.com\/fr\/contacts\/#breadcrumb\"},\"inLanguage\":\"fr-FR\",\"potentialAction\":[{\"@type\":\"ReadAction\",\"target\":[\"https:\/\/swandolcevita.com\/fr\/contacts\/\"]}]},{\"@type\":\"ImageObject\",\"inLanguage\":\"fr-FR\",\"@id\":\"https:\/\/swandolcevita.com\/fr\/contacts\/#primaryimage\",\"url\":\"https:\/\/swandolcevita.com\/wp-content\/uploads\/2024\/05\/swan-dolce-vita-features.webp\",\"contentUrl\":\"https:\/\/swandolcevita.com\/wp-content\/uploads\/2024\/05\/swan-dolce-vita-features.webp\",\"width\":1200,\"height\":807,\"caption\":\"swan-dolce-vita\"},{\"@type\":\"BreadcrumbList\",\"@id\":\"https:\/\/swandolcevita.com\/fr\/contacts\/#breadcrumb\",\"itemListElement\":[{\"@type\":\"ListItem\",\"position\":1,\"name\":\"Home\",\"item\":\"https:\/\/swandolcevita.com\/fr\/\"},{\"@type\":\"ListItem\",\"position\":2,\"name\":\"Contacts\"}]},{\"@type\":\"WebSite\",\"@id\":\"https:\/\/swandolcevita.com\/fr\/#website\",\"url\":\"https:\/\/swandolcevita.com\/fr\/\",\"name\":\"Swan Dolce Vita\",\"description\":\"\",\"publisher\":{\"@id\":\"https:\/\/swandolcevita.com\/fr\/#organization\"},\"potentialAction\":[{\"@type\":\"SearchAction\",\"target\":{\"@type\":\"EntryPoint\",\"urlTemplate\":\"https:\/\/swandolcevita.com\/fr\/?s={search_term_string}\"},\"query-input\":{\"@type\":\"PropertyValueSpecification\",\"valueRequired\":true,\"valueName\":\"search_term_string\"}}],\"inLanguage\":\"fr-FR\"},{\"@type\":\"Organization\",\"@id\":\"https:\/\/swandolcevita.com\/fr\/#organization\",\"name\":\"Swan Dolce Vita\",\"url\":\"https:\/\/swandolcevita.com\/fr\/\",\"logo\":{\"@type\":\"ImageObject\",\"inLanguage\":\"fr-FR\",\"@id\":\"https:\/\/swandolcevita.com\/fr\/#\/schema\/logo\/image\/\",\"url\":\"https:\/\/swandolcevita.com\/wp-content\/uploads\/2024\/05\/Logo-Swan.svg\",\"contentUrl\":\"https:\/\/swandolcevita.com\/wp-content\/uploads\/2024\/05\/Logo-Swan.svg\",\"width\":30.36,\"height\":37.57,\"caption\":\"Swan Dolce Vita\"},\"image\":{\"@id\":\"https:\/\/swandolcevita.com\/fr\/#\/schema\/logo\/image\/\"},\"sameAs\":[\"https:\/\/www.instagram.com\/swandolcevita\/\",\"https:\/\/ro.pinterest.com\/dolcevitaswan\/\"]}]}<\/script>\n<!-- \/ Yoast SEO plugin. -->","yoast_head_json":{"title":"Contacts - Swan Dolce Vita","description":"Swan Dimora Dolce - VitaSanta Croce 268, 30135\u2028Venezia VE. Tel: +39 3514479404, email: info@swandolcevita.com","robots":{"index":"index","follow":"follow","max-snippet":"max-snippet:-1","max-image-preview":"max-image-preview:large","max-video-preview":"max-video-preview:-1"},"canonical":"https:\/\/swandolcevita.com\/fr\/contacts\/","og_locale":"fr_FR","og_type":"article","og_title":"Contacts - Swan Dolce Vita","og_description":"Swan Dimora Dolce - VitaSanta Croce 268, 30135\u2028Venezia VE. Tel: +39 3514479404, email: info@swandolcevita.com","og_url":"https:\/\/swandolcevita.com\/fr\/contacts\/","og_site_name":"Swan Dolce Vita","article_modified_time":"2025-03-14T16:25:01+00:00","og_image":[{"width":1200,"height":807,"url":"https:\/\/swandolcevita.com\/wp-content\/uploads\/2024\/05\/swan-dolce-vita-features.webp","type":"image\/webp"}],"twitter_card":"summary_large_image","twitter_misc":{"Dur\u00e9e de lecture estim\u00e9e":"1 minute"},"schema":{"@context":"https:\/\/schema.org","@graph":[{"@type":"WebPage","@id":"https:\/\/swandolcevita.com\/fr\/contacts\/","url":"https:\/\/swandolcevita.com\/fr\/contacts\/","name":"Contacts - Swan Dolce Vita","isPartOf":{"@id":"https:\/\/swandolcevita.com\/fr\/#website"},"primaryImageOfPage":{"@id":"https:\/\/swandolcevita.com\/fr\/contacts\/#primaryimage"},"image":{"@id":"https:\/\/swandolcevita.com\/fr\/contacts\/#primaryimage"},"thumbnailUrl":"https:\/\/swandolcevita.com\/wp-content\/uploads\/2024\/05\/swan-dolce-vita-features.webp","datePublished":"2024-05-15T14:39:52+00:00","dateModified":"2025-03-14T16:25:01+00:00","description":"Swan Dimora Dolce - VitaSanta Croce 268, 30135\u2028Venezia VE. Tel: +39 3514479404, email: info@swandolcevita.com","breadcrumb":{"@id":"https:\/\/swandolcevita.com\/fr\/contacts\/#breadcrumb"},"inLanguage":"fr-FR","potentialAction":[{"@type":"ReadAction","target":["https:\/\/swandolcevita.com\/fr\/contacts\/"]}]},{"@type":"ImageObject","inLanguage":"fr-FR","@id":"https:\/\/swandolcevita.com\/fr\/contacts\/#primaryimage","url":"https:\/\/swandolcevita.com\/wp-content\/uploads\/2024\/05\/swan-dolce-vita-features.webp","contentUrl":"https:\/\/swandolcevita.com\/wp-content\/uploads\/2024\/05\/swan-dolce-vita-features.webp","width":1200,"height":807,"caption":"swan-dolce-vita"},{"@type":"BreadcrumbList","@id":"https:\/\/swandolcevita.com\/fr\/contacts\/#breadcrumb","itemListElement":[{"@type":"ListItem","position":1,"name":"Home","item":"https:\/\/swandolcevita.com\/fr\/"},{"@type":"ListItem","position":2,"name":"Contacts"}]},{"@type":"WebSite","@id":"https:\/\/swandolcevita.com\/fr\/#website","url":"https:\/\/swandolcevita.com\/fr\/","name":"Swan Dolce Vita","description":"","publisher":{"@id":"https:\/\/swandolcevita.com\/fr\/#organization"},"potentialAction":[{"@type":"SearchAction","target":{"@type":"EntryPoint","urlTemplate":"https:\/\/swandolcevita.com\/fr\/?s={search_term_string}"},"query-input":{"@type":"PropertyValueSpecification","valueRequired":true,"valueName":"search_term_string"}}],"inLanguage":"fr-FR"},{"@type":"Organization","@id":"https:\/\/swandolcevita.com\/fr\/#organization","name":"Swan Dolce Vita","url":"https:\/\/swandolcevita.com\/fr\/","logo":{"@type":"ImageObject","inLanguage":"fr-FR","@id":"https:\/\/swandolcevita.com\/fr\/#\/schema\/logo\/image\/","url":"https:\/\/swandolcevita.com\/wp-content\/uploads\/2024\/05\/Logo-Swan.svg","contentUrl":"https:\/\/swandolcevita.com\/wp-content\/uploads\/2024\/05\/Logo-Swan.svg","width":30.36,"height":37.57,"caption":"Swan Dolce Vita"},"image":{"@id":"https:\/\/swandolcevita.com\/fr\/#\/schema\/logo\/image\/"},"sameAs":["https:\/\/www.instagram.com\/swandolcevita\/","https:\/\/ro.pinterest.com\/dolcevitaswan\/"]}]}},"_links":{"self":[{"href":"https:\/\/swandolcevita.com\/fr\/wp-json\/wp\/v2\/pages\/1611","targetHints":{"allow":["GET"]}}],"collection":[{"href":"https:\/\/swandolcevita.com\/fr\/wp-json\/wp\/v2\/pages"}],"about":[{"href":"https:\/\/swandolcevita.com\/fr\/wp-json\/wp\/v2\/types\/page"}],"author":[{"embeddable":true,"href":"https:\/\/swandolcevita.com\/fr\/wp-json\/wp\/v2\/users\/3"}],"replies":[{"embeddable":true,"href":"https:\/\/swandolcevita.com\/fr\/wp-json\/wp\/v2\/comments?post=1611"}],"version-history":[{"count":18,"href":"https:\/\/swandolcevita.com\/fr\/wp-json\/wp\/v2\/pages\/1611\/revisions"}],"predecessor-version":[{"id":2476,"href":"https:\/\/swandolcevita.com\/fr\/wp-json\/wp\/v2\/pages\/1611\/revisions\/2476"}],"wp:featuredmedia":[{"embeddable":true,"href":"https:\/\/swandolcevita.com\/fr\/wp-json\/wp\/v2\/media\/1308"}],"wp:attachment":[{"href":"https:\/\/swandolcevita.com\/fr\/wp-json\/wp\/v2\/media?parent=1611"}],"curies":[{"name":"wp","href":"https:\/\/api.w.org\/{rel}","templated":true}]}}